{"id":113,"date":"2020-02-17T20:28:24","date_gmt":"2020-02-17T19:28:24","guid":{"rendered":"http:\/\/schaeferhundvomstedtlingermoor.de\/?page_id=113"},"modified":"2023-07-24T20:19:38","modified_gmt":"2023-07-24T18:19:38","slug":"ddr-schaeferhund-info","status":"publish","type":"page","link":"https:\/\/schaeferhundvomstedtlingermoor.de\/?page_id=113","title":{"rendered":"DDR Sch\u00e4ferhund Info"},"content":{"rendered":"\n<h1 class=\"wp-block-heading\">&nbsp;<\/h1>\n\n\n\n<figure class=\"wp-block-image size-large\"><img loading=\"lazy\" decoding=\"async\" width=\"1024\" height=\"768\" src=\"https:\/\/schaeferhundvomstedtlingermoor.de\/wp-content\/uploads\/2020\/02\/P9193787-1024x768.jpg\" alt=\"\" class=\"wp-image-358\" srcset=\"https:\/\/schaeferhundvomstedtlingermoor.de\/wp-content\/uploads\/2020\/02\/P9193787-1024x768.jpg 1024w, https:\/\/schaeferhundvomstedtlingermoor.de\/wp-content\/uploads\/2020\/02\/P9193787-300x225.jpg 300w, https:\/\/schaeferhundvomstedtlingermoor.de\/wp-content\/uploads\/2020\/02\/P9193787-768x576.jpg 768w, https:\/\/schaeferhundvomstedtlingermoor.de\/wp-content\/uploads\/2020\/02\/P9193787-1536x1152.jpg 1536w, https:\/\/schaeferhundvomstedtlingermoor.de\/wp-content\/uploads\/2020\/02\/P9193787-2048x1536.jpg 2048w, https:\/\/schaeferhundvomstedtlingermoor.de\/wp-content\/uploads\/2020\/02\/P9193787-1200x900.jpg 1200w, https:\/\/schaeferhundvomstedtlingermoor.de\/wp-content\/uploads\/2020\/02\/P9193787-1980x1485.jpg 1980w\" sizes=\"auto, (max-width: 1024px) 100vw, 1024px\" \/><\/figure>\n\n\n\n<p>Der Deutsche Sch\u00e4ferhunde aus alten DDR Linien ist bis heute noch gefragt. Was mich sehr freut das es den, anderen Typ Sch\u00e4ferhund noch gibt der sich \u00fcber Jahre in der DDR entwickelte hat mit gro\u00dfen kr\u00e4ftigen Knochen, ausgeglichenem Wesen und starker Pigmentierung, \u00e4hnelt er noch sehr dem Hund wie er in den 60 Jahren war. Nat\u00fcrlich gibt es nicht mehr viele von den Hunden die in der K\u00f6r und Leistungszucht zum Einsatz kommen.  Da viele ihre Hunde nach der Wende abgegeben haben oder gemischt haben und dieses jetzt&nbsp; sehr bedauern. Wer sich zu den Anf\u00e4ngen der DDR Sch\u00e4ferhunde interessiert oder wer heute immer noch die alten Zuchtziele und Zuchttraditionen weiterf\u00fchren will, empfehle ich das Buch  ( Die Zucht des Deutschen Sch\u00e4ferhundes in der ehemaligen DDR ,was es beim SV gibt ) des Ex- Hauptzuchtwart der DDR Werner Dalm ans Herz. Er informiert in seinen Buch \u00fcber einzelne Hunde sowie \u00fcber die Zucht an sich. Die, die sich dem deutschen Sch\u00e4ferhund verschrieben hatten, mussten versuchen ihre Ziele unter schwerer werdenden organisatorischen Rahmenbedingungen durchzusetzen. In der DDR gab es in der Leitung und ihren Mitarbeitern sowie auch unter den Mitgliedern echte Idealisten und Enthusiasten, die treu zur Spezialzuchtgemeinschaft standen. Allen Schw\u00e4chen zum Trotz erzielten diese beachtlichen z\u00fcchterischen Erfolg.<\/p>\n\n\n\n<p>Die Schwerpunkte der zuchtmethodischen Arbeit waren: <\/p>\n\n\n\n<p>Nachzuchtbeurteilung: <\/p>\n\n\n\n<p>In ihr wurden 70- 80% der eingetragenen Welpen erfasst. Die Ergebnisse ergaben eine genaue Erbwertanalyse der Vater- und Muttertiere. Die j\u00e4hrlichen Nachzuchtbeurteilungen in ihrer Gesamtheit und auch die Vererbungsergebnisse aller R\u00fcden wurden j\u00e4hrlich gedruckt und allen Mitgliedern zug\u00e4nglich gemacht. <\/p>\n\n\n\n<p>Das Wertme\u00dfziffer- System: <\/p>\n\n\n\n<p>Bei fast allen Hunden mit ZTP ( Zuchttauglichkeitspr\u00fcfung ) oder K\u00f6rung ist die WZ (Wertme\u00dfziffer ) angegeben. Jede dieser vierstelligen Zahlen ist ein in sich abgeschlossenes Urteil und ist so aus der angef\u00fcgten Tabelle zu ersehen. Nun gibt es noch eine wichtige Erg\u00e4nzung: <\/p>\n\n\n\n<p>Hinter der vierstelligen Wertzahl bei ZTP und K\u00f6rung erscheint ein Schr\u00e4gstrich und dahinter folgen wiederum zwei Zahlen. Da sind reine Arbeitszahlen f\u00fcr die gezeigte Schutzdienstleistung bei K\u00f6rung oder bei der ZTP. Dieser Ziffern sind notwendig geworden, weil die Grundzahl f\u00fcr das Wesen ( 4. Zahl der Wertme\u00dfziffer ) allein nicht die gro\u00dfe Streubreite in der Schutzdienstleistung ausdr\u00fccken konnte, die zum Beispielbei den Grund- Wesensziffern 3 und 7 vorkommen. Darum wurde diese Erg\u00e4nzung zum Wertme\u00dfziffer- System im Jahre 1957 von der SZG ( Spezialzuchtgemeinschaft ) Deutsche Sch\u00e4ferhunde eingef\u00fchrt. Die erste Zahl hinter dem Schr\u00e4gstrich steht f\u00fcr die Ausf\u00fchrung der \u201e langen Flucht\u201c, die zweite Zahl f\u00fcr die Ausf\u00fchrung des sogenannten \u201e Stirnangriffes\u201c vergeben. Diese beiden Zahlen sind die Zahlen f\u00fcr Sch\u00e4rfe und H\u00e4rte, wobei diese Bezeichnung keinen Anspruch auf eine wissenschaftliche Kennzeichnung dieser beiden Begriffe erheben. Wie erw\u00e4hnt, f\u00fcr die Richter in der DDR waren es reine Arbeitszahlen f\u00fcr den Schutzdienst. <\/p>\n\n\n\n<p>5= Sehr gut 4= gut 3= ausreichend 2= wenig 1= keine <\/p>\n\n\n\n<p>Diese Zahlen wurden nur bei K\u00f6rungen vergeben, da hier die Anforderungen h\u00f6her waren als bei der ZTP. Die 4 Zahlen waren also bei der ZTP H\u00f6chstbewertung. Bei den NZB \u00b4\u00b4en (Nachzuchtbeurteilungen ) wurde die vierstellige WZ vergeben, da hier den jungen Hunden, von 9 Monaten aufw\u00e4rts, kein Schutzdienst abverlangt wurde, sondern es wurde nur eine allgemeine Wesens- und Verhaltensprobe durchgef\u00fchrt. <\/p>\n\n\n\n<p>Zum Abschluss hier ein Beispiel: <\/p>\n\n\n\n<p>WZ 6547\/43 <\/p>\n\n\n\n<p>Durch dieses System kann sich ein Leser eines Berichtes, ohne den Hund pers\u00f6nlich zu kennen, auf einen Blick die Charakteristik ableiten. <\/p>\n\n\n\n<p>Das Familienleistungsblatt <\/p>\n\n\n\n<p>Es wurde in der Zuchtbuchstelle gef\u00fchrt. In ihm wurden die Vererbungsergebnisse aller in der Zucht stehenden H\u00fcndinnen und R\u00fcden festgehalten. Von allen Nachkommen wurden darin die Ergebnisse der Nachzuchtbeurteilung, der Schutzhund Pr\u00fcfungen, der Schauen sowie der Zuchttauglichkeitspr\u00fcfungen und K\u00f6rungen gef\u00fchrt. Mit dem Familienleistungsblatt konnte jederzeit \u00fcber die Gesamtvererbung der R\u00fcden und H\u00fcndinnen Auskunft gegeben werden. <\/p>\n\n\n\n<p>Die HD Bek\u00e4mpfung <\/p>\n\n\n\n<p>Alle Zuchttiere wurden ger\u00f6ntgt. Die Zulassung zur Zucht wurde auch von den HD- Befunden abh\u00e4ngig gemacht. Die Hunde mit mittlerer bis leichter HD wurden zur gegebenen Zeit aus der Zucht eliminiert, so dass ab den 01.01. 1979 nur mit HD \u2013 freien Hunden gez\u00fcchtet wurde. Es wurden in der Zucht \u00fcber 90% HD- freie Hunde erreicht. Die HD- Vererbung aller R\u00fcden mit s\u00e4mtlichen ger\u00f6ntgten Nachkommen wurden in jedem Quartal ver\u00f6ffentlicht. <\/p>\n\n\n\n<p>Die Boniturzeichen <\/p>\n\n\n\n<p>Die Nachzuchtbeurteiler, Zuchtrichter und K\u00f6rmeister verwendeten vorgedruckte Boniturkarten auf der dort enthaltenen Skelettzeichnung wurden alle K\u00f6rpermerkmale mit einheitlichen Boniturzeichen gekennzeichnet. Die Bonituren wurden durch die Formwertnote und durch die ersten drei Zahlen der Wertme\u00dfziffer erg\u00e4nzt. Die Boniturzeichen erm\u00f6glichen eine sehr gr\u00fcndliche Richterausbildung, sowie eine genaue Beschreibung der Hunde und die Erstellung detaillierter schriftlicher Richterberichte. Der Zuchtleitung lieferten die Boniturkarten wertvolle Informationen sowie Material f\u00fcr Schulungen und Vergleiche. <\/p>\n\n\n\n<p>Durch diese Schwerpunkte und durch st\u00e4ndige Konsultation und Beratung mit Tierz\u00fcchtern, Tier\u00e4rzten und Genetikern wurde die Sch\u00e4ferhund Zucht auf eine wissenschaftliche Grundlage gestellt und damit versucht, die Rasse gesund zu halten und in ihrer Vollkommenheit st\u00e4ndig zu verbessern.<\/p>\n\n\n\n<figure class=\"wp-block-image size-large\"><img loading=\"lazy\" decoding=\"async\" width=\"1024\" height=\"1022\" src=\"https:\/\/schaeferhundvomstedtlingermoor.de\/wp-content\/uploads\/2020\/02\/Unbenannt-1024x1022.png\" alt=\"\" class=\"wp-image-145\" srcset=\"https:\/\/schaeferhundvomstedtlingermoor.de\/wp-content\/uploads\/2020\/02\/Unbenannt-1024x1022.png 1024w, https:\/\/schaeferhundvomstedtlingermoor.de\/wp-content\/uploads\/2020\/02\/Unbenannt-300x300.png 300w, https:\/\/schaeferhundvomstedtlingermoor.de\/wp-content\/uploads\/2020\/02\/Unbenannt-150x150.png 150w, https:\/\/schaeferhundvomstedtlingermoor.de\/wp-content\/uploads\/2020\/02\/Unbenannt-768x767.png 768w, https:\/\/schaeferhundvomstedtlingermoor.de\/wp-content\/uploads\/2020\/02\/Unbenannt-1536x1533.png 1536w, https:\/\/schaeferhundvomstedtlingermoor.de\/wp-content\/uploads\/2020\/02\/Unbenannt-2048x2044.png 2048w, https:\/\/schaeferhundvomstedtlingermoor.de\/wp-content\/uploads\/2020\/02\/Unbenannt-1200x1198.png 1200w, https:\/\/schaeferhundvomstedtlingermoor.de\/wp-content\/uploads\/2020\/02\/Unbenannt-1980x1977.png 1980w\" sizes=\"auto, (max-width: 1024px) 100vw, 1024px\" \/><\/figure>\n\n\n\n<p> &nbsp; &nbsp; &nbsp; &nbsp; &nbsp; &nbsp; &nbsp; &nbsp; &nbsp; &nbsp; <\/p>\n\n\n\n<p><strong><em>Der Text hat mir sehr gut gefallen und mit der Genehmigung&nbsp; vom Altdeutschen Wappen \u00fcbernommen<\/em><\/strong><\/p>\n\n\n\n<p><strong><em>&nbsp;&nbsp;s560260085.website-start.de\/infos\/rasseinfos\/ddr-linie\/<\/em><\/strong><\/p>\n\n\n\n<p><strong><em>Infos DDR Linie beim Sch\u00e4ferhund<\/em><\/strong><\/p>\n\n\n\n<p>Ostdeutsche Sch\u00e4ferhunde, ostbl\u00fctige Deutsche Sch\u00e4ferhunde, DDR- Linien- Was ist das?<\/p>\n\n\n\n<ul class=\"wp-block-list\">\n<li><strong>Entstehung<\/strong><\/li>\n<\/ul>\n\n\n\n<p>Die Vielseitigkeit des Deutschen Sch\u00e4ferhundes wurde ihm in den beiden Weltkriegen zum Verh\u00e4ngnis. Bereits im Ersten Weltkrieg waren 30.000 Sch\u00e4ferhunde an der deutschen Front im Einsatz, von denen viele Tausend Opfer des Krieges wurden. Im zweiten Weltkrieg waren weltweit bereits um die 200.000 deutschen Sch\u00e4ferhunde im Kriegseinsatz. Alle geeigneten Hunde wurden \u00fcberpr\u00fcft (Schussprobe) und wenn tauglich f\u00fcr den Kriegsdienst eingezogen. Die Meisten starben dort oder wurden von den Siegern mitgenommen. Nach Kriegsende waren so kaum noch gute Hunde vorhanden. Die Besonderheit liegt nun in der Teilung Deutschlands nach Kriegsende durch die Siegerm\u00e4chte.<br> Jeder Teil Deutschlands begann eine eigenst\u00e4ndige Zucht aus den verbleibenden Restbest\u00e4nden aufzubauen. W\u00e4hrend im Westen weiterhin nach dem typischen Sch\u00f6nheitsideal (schwarz- gelb, abfallender R\u00fccken) gez\u00fcchtet wurde, waren im Osten vor allem dunkle Hunde mit den guten Diensthundeeigenschaften gefragt. Daraus entwickelten sich in \u00fcber 40 Jahren eigenst\u00e4ndige Populationen der gleichen Rasse. Die alten DDR- Linien stellen den Ostbl\u00fctigen Typ dar wie er sich unter der Spezialzuchtgemeinschaft (SZG) der DDR entwickelt hatte.<br> Nach der Wiedervereinigung Deutschlands \u00fcbernahm der westliche Verband (SV) die F\u00fchrung und hatte keinerlei Interesse den &#8222;Osthund&#8220; zu erhalten oder gezielt mit reinzuz\u00fcchten, eine Vereinigung kam nicht in Frage. Das Ganze glich eher einer \u00dcbernahmen und schon bald waren in den neuen Bundesl\u00e4ndern fast nur noch westliche Sch\u00e4ferhunde zu finden und es wurden sehr viele westdeutsche Deckr\u00fcden eingesetzt. Viele Ost- Z\u00fcchter haben nach der Wende aufgeh\u00f6rt zu z\u00fcchten, mischten West mit Ost zusammen oder stiegen ganz auf westdeutsche Linien um. Das machte sich bei den HD- Werten mit einer deutlichen Verschlechterung bemerkbar. Au\u00dferdem wurde die Anzahl der &#8222;DDR Hunde&#8220; in kurzer Zeit stark reduziert, so das kaum noch eine ausreichende Zuchtbasis vorhanden war.<br> Inzwischen sind reinbl\u00fctig ostdeutsch gezogene Sch\u00e4ferhunde recht selten geworden. Momentan sind diese qualitativ hochwertigen Hunde wieder begehrt. Viele Sportler und Z\u00fcchter trauern ihren abgegebenen Hunden nach. Hunde aus Ostlinien werden in der Hochzucht zur Verbesserung von Geb\u00e4ude und Farbgebung sowie in der Leistungszucht wegen ihrer hohen Triebigkeit und der grauen Farbe eingesetzt. Ein weiterer Vorteil ist die bessere Gesundheit. Der gerade gebliebene R\u00fccken macht sich bemerkbar und auch die strenge Selektion zu DDR Zeiten auf Gesundheit.<\/p>\n\n\n\n<p>In der Deutschen Demokratischen Republik wurde bei der Zucht von Deutschen Sch\u00e4ferhunden gro\u00dfer Wert auf das Zur\u00fcckdr\u00e4ngen der HD gelegt. Die Sch\u00e4ferhundezucht war staatlich und die Selektion somit einheitlich im ganzen Land.&nbsp;W\u00e4hrend 1968 noch mit Hunden mit mittlerer HD gez\u00fcchtet wurde, wurden ab 1972 nur Hunde mit im ung\u00fcnstigsten Fall leichter HD zur Zucht eingesetzt. Ab 1978 wurde nur noch mit HD-freien Tieren gez\u00fcchtet. Diese Zuchtrestriktionen f\u00fchrten zu einem deutlichen R\u00fcckgang der HD. Statistiken der DDR-Zucht weisen f\u00fcr 1985, das Jahr mit der niedrigsten HD in der DDR-Zuchtgeschichte, 94,4&nbsp;Prozent HD-freie Tiere aus.<\/p>\n\n\n\n<p>Au\u00dferdem f\u00fchrten bereits 2 M\u00e4ngel zum Zuchtausschluss, egal ob z.B. Geb\u00e4ude- oder Zahnfehler. Sobald zwei Sachen nicht in Ordnung waren d\u00fcrfte mit diesem Sch\u00e4ferhund nicht gez\u00fcchtet werden. Die Nachzucht wurde ebenfalls streng kontrolliert und die Merkmale im Zuchtbuchamt festgehalten. Unabh\u00e4ngige Beurteilungen erfolgten \u00fcber Nachzuchtbeurteiler, Zuchtrichter, K\u00f6rmeister und Zuchtwart der auch die Welpen abnahm.<br> Nat\u00fcrlich gab es als Folge weniger Zuchtlinien, daf\u00fcr aber gesunde und wesesfeste Hunde mit kr\u00e4ftigen Knochen und starken Nerven.<\/p>\n\n\n\n<p>Nach der Wiedervereinigung Deutschlands wurden die Zuchtlinien vereint, so dass heute kaum noch reine DDR-Linien vorhanden sind<\/p>\n\n\n\n<ul class=\"wp-block-list\">\n<li><strong>Eigenschaften und &nbsp;&nbsp;&nbsp;&nbsp;&nbsp;Besonderheiten<\/strong><\/li>\n<\/ul>\n\n\n\n<p>Der wesentlichste Unterschied zwischen den Hunden aus DDR- Linie und westdeutscher Sch\u00f6nheits- Zucht ist der R\u00fcckenverlauf. Hunde aus ostdeutscher Zucht haben einen normal geformten, geraden R\u00fccken. Dadurch sind sie weniger krankheitsanf\u00e4llig f\u00fcr H\u00fcftgelenk- (HD) und Ellbogen- Dysplasie (ED). Ostdeutsche Sch\u00e4ferhunde haben sich in den vier Jahrzehnten der Isolation zu kompakten Exemplaren mit kr\u00e4ftigen Knochen, breiten K\u00f6pfen und dunkler, meist der urspr\u00fcnglichen grau gewolkten Fellfarbe entwickelt. Zu DDR Zeiten ging es um die Zucht guter Gebrauchshunde mit wissenschaftlicher Selektion. Sie sind robuster wie wirkliche Arbeitshunde und es ist keine Modeerscheinung. Nat\u00fcrlich wirken sie nicht so sch\u00f6n und elegant wie Hunde aus westdeutscher Zucht.<br> Jeder Hund ist individuell und deswegen sind Verallgemeinerungen immer schwierig. Hunde aus DDR Linen sind aber im Allgemeinen weder \u00fcberdreht noch schnell reizbar. Sie haben meist ein ausgeglichenes Wesen mit viel Trieb. Die meisten &#8222;DDR&#8217;ler&#8220; habe ein starkes Selbstbewusstsein und schon als Welpen vor nichts Angst. Oft schauen sie sich in Ruhe alles interessiert an und gehen dann freundlich auf Neues zu. Ost Sch\u00e4ferhunde sind im Haus ruhig, verschmust und unauff\u00e4llig. Drau\u00dfen ist Action angesagt, sie toben und rennen gerne.<br> Diese Hunde eigenen sich besonders f\u00fcr den Hundesport, sind als Arbeitshunde gut zu gebrauchen und k\u00f6nnen als Wach-, Schutz- und Rettungshunde eingesetzt werden. Dabei sind &#8222;Ossis&#8220; etwas anspruchsvoller in der Ausbildung als viele Westhunde. Das liegt zum einen daran, dass sie recht selbstst\u00e4ndig sind und mitdenken. Zum anderen hinterfragen sie durchaus auch mal und wollen es dann schon genau wissen. Sie sind zielstrebig und haben einen festen, eigenen Willen. Deswegen ben\u00f6tigen sie eine geradlinige F\u00fchrung und durchgehende Konsequenz.<br> Osthunde sind alle recht sp\u00e4treif und man muss Geduld mit ihnen haben. Nicht nur der K\u00f6rper braucht seine Zeit, auch der Charakter formt sich erst sp\u00e4t endg\u00fcltig aus. So kann auch die Machtfrage deutlich sp\u00e4ter als normal gestellt werden und mancher Besitzer wundert sich, wo denn die Pubert\u00e4t eigentlich geblieben ist. Wenn dann ein R\u00fcde mit ca. 3 Jahren zu testen beginnt, ist nat\u00fcrlich auch mehr Nachdruck dahinter als mit den \u00fcblichen etwa 1 1\/2 Jahren.<br> Hunde aus DDR- Linie sind aber auch sehr angenehme Familienhunde. Sie brauchen die N\u00e4he zu ihren Menschen und m\u00f6chten \u00fcberall mit dabei sein. Es sind wesensstarke, sch\u00f6ne und gesunde Hunde mit viel Ausstrahlung.<\/p>\n\n\n\n<ul class=\"wp-block-list\">\n<li><strong>\u00dcbersicht DDR- Linie<\/strong><\/li>\n<\/ul>\n\n\n\n<figure class=\"wp-block-table\"><table><tbody><tr><td><strong>Charakter<\/strong><\/td><td><strong>Eigenschaften<\/strong><\/td><\/tr><tr><td>selbstbewusst, &nbsp;&nbsp;teils dominant, nervenstark, wesensfest<\/td><td>robust, &nbsp;&nbsp;unempfindlich, hart<\/td><\/tr><tr><td>starker &nbsp;&nbsp;Charakter, fester Wille<\/td><td>sp\u00e4treif, &nbsp;&nbsp;viel Ausstrahlung<\/td><\/tr><tr><td>denken &nbsp;&nbsp;mit, hinterfragen, etwas selbst\u00e4ndig<\/td><td>gesund, &nbsp;&nbsp;ausdauernd, kraftvoll<\/td><\/tr><tr><td>Spiel- und &nbsp;&nbsp;Beutetrieb deutlich ausgepr\u00e4gt, starker Arbeitswillen<\/td><td>&nbsp;<\/td><\/tr><tr><td>Verteidigungstrieb, &nbsp;&nbsp;Wehrbereitschaft, wachsam<\/td><td><strong>Farben<\/strong><\/td><\/tr><tr><td>teilweise &nbsp;&nbsp;Fremden gegen\u00fcber Misstrauen<\/td><td>kr\u00e4ftiges &nbsp;&nbsp;Pigment, dunklere Farben<\/td><\/tr><tr><td>verschmust &nbsp;&nbsp;und anh\u00e4nglich in seiner Familie<\/td><td>meist &nbsp;&nbsp;dunkel- grau, gelegentlich schwarz, schwarz- braun am seltensten<\/td><\/tr><tr><td>leichtes &nbsp;&nbsp;und schnelles lernen, wissbegierig<\/td><td>&nbsp;<\/td><\/tr><tr><td>drinnen &nbsp;&nbsp;ruhig, drau\u00dfen temperamentvoll<\/td><td><strong>Verwendung<\/strong><\/td><\/tr><tr><td>ausgeglichen<\/td><td>Diensthund &nbsp;&nbsp;(Polizei und Milit\u00e4r)<\/td><\/tr><tr><td><strong>K\u00f6rperbau<\/strong><\/td><td>Hundesport &nbsp;&nbsp;(Schutzdienst, F\u00e4hrte, Turnierhundesport usw.)<\/td><\/tr><tr><td>gerader &nbsp;&nbsp;R\u00fccken, breiter Kopf<\/td><td>Wach-, &nbsp;&nbsp;Schutz- und Rettungshunde<\/td><\/tr><tr><td>st\u00e4mmig, &nbsp;&nbsp;gro\u00dfe Knochenkraft, tief und breit gebaut<\/td><td>Familienhund<\/td><\/tr><\/tbody><\/table><\/figure>\n\n\n\n<p>            <\/p>\n","protected":false},"excerpt":{"rendered":"<p>&nbsp; Der Deutsche Sch\u00e4ferhunde aus alten DDR Linien ist bis heute noch gefragt. Was mich sehr freut das es den, anderen Typ Sch\u00e4ferhund noch gibt der sich \u00fcber Jahre in der DDR entwickelte hat mit gro\u00dfen kr\u00e4ftigen Knochen, ausgeglichenem Wesen und starker Pigmentierung, \u00e4hnelt er noch sehr dem Hund wie er in den 60 Jahren [&hellip;]<\/p>\n","protected":false},"author":1,"featured_media":0,"parent":0,"menu_order":0,"comment_status":"closed","ping_status":"closed","template":"","meta":{"footnotes":""},"class_list":["post-113","page","type-page","status-publish","hentry"],"_links":{"self":[{"href":"https:\/\/schaeferhundvomstedtlingermoor.de\/index.php?rest_route=\/wp\/v2\/pages\/113","targetHints":{"allow":["GET"]}}],"collection":[{"href":"https:\/\/schaeferhundvomstedtlingermoor.de\/index.php?rest_route=\/wp\/v2\/pages"}],"about":[{"href":"https:\/\/schaeferhundvomstedtlingermoor.de\/index.php?rest_route=\/wp\/v2\/types\/page"}],"author":[{"embeddable":true,"href":"https:\/\/schaeferhundvomstedtlingermoor.de\/index.php?rest_route=\/wp\/v2\/users\/1"}],"replies":[{"embeddable":true,"href":"https:\/\/schaeferhundvomstedtlingermoor.de\/index.php?rest_route=%2Fwp%2Fv2%2Fcomments&post=113"}],"version-history":[{"count":10,"href":"https:\/\/schaeferhundvomstedtlingermoor.de\/index.php?rest_route=\/wp\/v2\/pages\/113\/revisions"}],"predecessor-version":[{"id":2106,"href":"https:\/\/schaeferhundvomstedtlingermoor.de\/index.php?rest_route=\/wp\/v2\/pages\/113\/revisions\/2106"}],"wp:attachment":[{"href":"https:\/\/schaeferhundvomstedtlingermoor.de\/index.php?rest_route=%2Fwp%2Fv2%2Fmedia&parent=113"}],"curies":[{"name":"wp","href":"https:\/\/api.w.org\/{rel}","templated":true}]}}