{"id":388,"date":"2020-02-26T17:17:14","date_gmt":"2020-02-26T16:17:14","guid":{"rendered":"http:\/\/schaeferhundvomstedtlingermoor.de\/?page_id=388"},"modified":"2026-05-12T23:12:01","modified_gmt":"2026-05-12T21:12:01","slug":"in-ewiger-erinnerung","status":"publish","type":"page","link":"https:\/\/schaeferhundvomstedtlingermoor.de\/?page_id=388","title":{"rendered":"In ewiger Erinnerung"},"content":{"rendered":"\n<h5 class=\"wp-block-heading\">Heute am 30.09.2025 habe ich meine Zilli gehen lassen, es bricht einem das Herz. Sie war immer da, und auf einmal ist sie weg es war sehr schlimm und viele Tr\u00e4nen sind geflossen . Es war so schlimm das ich erst nach \u00fcber einem halben Jahr es hier schreiben kann und es wird ewig dauern bis ich das verkrafte. Sie ist jetzt bei ihrer Coco die zwei haben sich geliebt ohne Ende.                      Du und Coco ihr seid ewig in meinem Herzen.<\/h5>\n\n\n\n<figure class=\"wp-block-image size-full\"><img loading=\"lazy\" decoding=\"async\" width=\"677\" height=\"903\" src=\"https:\/\/schaeferhundvomstedtlingermoor.de\/wp-content\/uploads\/2026\/05\/tzwJWHibTDC9Ovaprh7bpA.jpg\" alt=\"\" class=\"wp-image-2545\" srcset=\"https:\/\/schaeferhundvomstedtlingermoor.de\/wp-content\/uploads\/2026\/05\/tzwJWHibTDC9Ovaprh7bpA.jpg 677w, https:\/\/schaeferhundvomstedtlingermoor.de\/wp-content\/uploads\/2026\/05\/tzwJWHibTDC9Ovaprh7bpA-225x300.jpg 225w\" sizes=\"auto, (max-width: 677px) 100vw, 677px\" \/><\/figure>\n\n\n\n<figure class=\"wp-block-image size-full\"><img loading=\"lazy\" decoding=\"async\" width=\"363\" height=\"484\" src=\"https:\/\/schaeferhundvomstedtlingermoor.de\/wp-content\/uploads\/2026\/05\/VWkFK7V0SaST-_IJK8XiQQ.jpg\" alt=\"\" class=\"wp-image-2557\" srcset=\"https:\/\/schaeferhundvomstedtlingermoor.de\/wp-content\/uploads\/2026\/05\/VWkFK7V0SaST-_IJK8XiQQ.jpg 363w, https:\/\/schaeferhundvomstedtlingermoor.de\/wp-content\/uploads\/2026\/05\/VWkFK7V0SaST-_IJK8XiQQ-225x300.jpg 225w\" sizes=\"auto, (max-width: 363px) 100vw, 363px\" \/><\/figure>\n\n\n\n<figure class=\"wp-block-image size-large\"><img loading=\"lazy\" decoding=\"async\" width=\"1024\" height=\"760\" src=\"https:\/\/schaeferhundvomstedtlingermoor.de\/wp-content\/uploads\/2026\/05\/iu9-kTg_SpWLyaFdGI2pLQ-1024x760.jpg\" alt=\"\" class=\"wp-image-2475\" srcset=\"https:\/\/schaeferhundvomstedtlingermoor.de\/wp-content\/uploads\/2026\/05\/iu9-kTg_SpWLyaFdGI2pLQ-1024x760.jpg 1024w, https:\/\/schaeferhundvomstedtlingermoor.de\/wp-content\/uploads\/2026\/05\/iu9-kTg_SpWLyaFdGI2pLQ-300x223.jpg 300w, https:\/\/schaeferhundvomstedtlingermoor.de\/wp-content\/uploads\/2026\/05\/iu9-kTg_SpWLyaFdGI2pLQ-768x570.jpg 768w, https:\/\/schaeferhundvomstedtlingermoor.de\/wp-content\/uploads\/2026\/05\/iu9-kTg_SpWLyaFdGI2pLQ.jpg 1200w\" sizes=\"auto, (max-width: 1024px) 100vw, 1024px\" \/><\/figure>\n\n\n\n<figure class=\"wp-block-image size-large\"><img loading=\"lazy\" decoding=\"async\" width=\"610\" height=\"1024\" src=\"https:\/\/schaeferhundvomstedtlingermoor.de\/wp-content\/uploads\/2020\/02\/PB285703-610x1024.png\" alt=\"\" class=\"wp-image-167\" srcset=\"https:\/\/schaeferhundvomstedtlingermoor.de\/wp-content\/uploads\/2020\/02\/PB285703-610x1024.png 610w, https:\/\/schaeferhundvomstedtlingermoor.de\/wp-content\/uploads\/2020\/02\/PB285703-179x300.png 179w, https:\/\/schaeferhundvomstedtlingermoor.de\/wp-content\/uploads\/2020\/02\/PB285703-768x1289.png 768w, https:\/\/schaeferhundvomstedtlingermoor.de\/wp-content\/uploads\/2020\/02\/PB285703-915x1536.png 915w, https:\/\/schaeferhundvomstedtlingermoor.de\/wp-content\/uploads\/2020\/02\/PB285703-1220x2048.png 1220w, https:\/\/schaeferhundvomstedtlingermoor.de\/wp-content\/uploads\/2020\/02\/PB285703-1200x2015.png 1200w, https:\/\/schaeferhundvomstedtlingermoor.de\/wp-content\/uploads\/2020\/02\/PB285703.png 1458w\" sizes=\"auto, (max-width: 610px) 100vw, 610px\" \/><\/figure>\n\n\n\n<p>&nbsp;<strong>Am 23. 11. 2019 ist ein St\u00fcck von mir gegangen. Es war vor 13 Jahren und 2 Monaten wo ich mich in sie verliebt habe, sie stand immer neben mir in guten wie in schlechten Zeiten. Auch wenn sie jetzt nicht mehr da ist was sehr hart ist wird meine Coco immer in meinen Herzen sein. Es war eine Nacht ohne Schlaf und ich k\u00f6nnte einen See voller Tr\u00e4nen f\u00fcllen. Ein Hund wie Coco ist ein Traum der h\u00e4tte ewig bleiben k\u00f6nnen aber leider geht das nicht somit ist sie jetzt in meinen Herzen f\u00fcr ewig. &nbsp; &nbsp; &nbsp; &nbsp; &nbsp;&nbsp; In ewiger Dankbarkeit dein J\u00f6rg.<\/strong><\/p>\n\n\n\n<figure class=\"wp-block-image size-large\"><img loading=\"lazy\" decoding=\"async\" width=\"576\" height=\"1024\" src=\"https:\/\/schaeferhundvomstedtlingermoor.de\/wp-content\/uploads\/2020\/02\/20191123_103439-576x1024.jpg\" alt=\"\" class=\"wp-image-389\" srcset=\"https:\/\/schaeferhundvomstedtlingermoor.de\/wp-content\/uploads\/2020\/02\/20191123_103439-576x1024.jpg 576w, https:\/\/schaeferhundvomstedtlingermoor.de\/wp-content\/uploads\/2020\/02\/20191123_103439-169x300.jpg 169w, https:\/\/schaeferhundvomstedtlingermoor.de\/wp-content\/uploads\/2020\/02\/20191123_103439-768x1365.jpg 768w, https:\/\/schaeferhundvomstedtlingermoor.de\/wp-content\/uploads\/2020\/02\/20191123_103439-864x1536.jpg 864w, https:\/\/schaeferhundvomstedtlingermoor.de\/wp-content\/uploads\/2020\/02\/20191123_103439-1152x2048.jpg 1152w, https:\/\/schaeferhundvomstedtlingermoor.de\/wp-content\/uploads\/2020\/02\/20191123_103439-1200x2133.jpg 1200w, https:\/\/schaeferhundvomstedtlingermoor.de\/wp-content\/uploads\/2020\/02\/20191123_103439-1980x3520.jpg 1980w, https:\/\/schaeferhundvomstedtlingermoor.de\/wp-content\/uploads\/2020\/02\/20191123_103439-scaled.jpg 1440w\" sizes=\"auto, (max-width: 576px) 100vw, 576px\" \/><\/figure>\n\n\n\n<figure class=\"wp-block-image size-large\"><img loading=\"lazy\" decoding=\"async\" width=\"1024\" height=\"1024\" src=\"https:\/\/schaeferhundvomstedtlingermoor.de\/wp-content\/uploads\/2020\/02\/A1337-1024x1024.jpg\" alt=\"\" class=\"wp-image-165\" srcset=\"https:\/\/schaeferhundvomstedtlingermoor.de\/wp-content\/uploads\/2020\/02\/A1337-1024x1024.jpg 1024w, https:\/\/schaeferhundvomstedtlingermoor.de\/wp-content\/uploads\/2020\/02\/A1337-300x300.jpg 300w, https:\/\/schaeferhundvomstedtlingermoor.de\/wp-content\/uploads\/2020\/02\/A1337-150x150.jpg 150w, https:\/\/schaeferhundvomstedtlingermoor.de\/wp-content\/uploads\/2020\/02\/A1337-768x768.jpg 768w, https:\/\/schaeferhundvomstedtlingermoor.de\/wp-content\/uploads\/2020\/02\/A1337-1536x1536.jpg 1536w, https:\/\/schaeferhundvomstedtlingermoor.de\/wp-content\/uploads\/2020\/02\/A1337-1200x1200.jpg 1200w, https:\/\/schaeferhundvomstedtlingermoor.de\/wp-content\/uploads\/2020\/02\/A1337.jpg 1890w\" sizes=\"auto, (max-width: 1024px) 100vw, 1024px\" \/><\/figure>\n\n\n\n<figure class=\"wp-block-image size-large\"><img loading=\"lazy\" decoding=\"async\" width=\"739\" height=\"1024\" src=\"https:\/\/schaeferhundvomstedtlingermoor.de\/wp-content\/uploads\/2020\/02\/A1327-739x1024.jpg\" alt=\"\" class=\"wp-image-157\" srcset=\"https:\/\/schaeferhundvomstedtlingermoor.de\/wp-content\/uploads\/2020\/02\/A1327-739x1024.jpg 739w, https:\/\/schaeferhundvomstedtlingermoor.de\/wp-content\/uploads\/2020\/02\/A1327-217x300.jpg 217w, https:\/\/schaeferhundvomstedtlingermoor.de\/wp-content\/uploads\/2020\/02\/A1327-768x1064.jpg 768w, https:\/\/schaeferhundvomstedtlingermoor.de\/wp-content\/uploads\/2020\/02\/A1327-1109x1536.jpg 1109w, https:\/\/schaeferhundvomstedtlingermoor.de\/wp-content\/uploads\/2020\/02\/A1327-1479x2048.jpg 1479w, https:\/\/schaeferhundvomstedtlingermoor.de\/wp-content\/uploads\/2020\/02\/A1327-1200x1662.jpg 1200w, https:\/\/schaeferhundvomstedtlingermoor.de\/wp-content\/uploads\/2020\/02\/A1327.jpg 1535w\" sizes=\"auto, (max-width: 739px) 100vw, 739px\" \/><\/figure>\n\n\n\n<figure class=\"wp-block-image size-large\"><img loading=\"lazy\" decoding=\"async\" width=\"550\" height=\"640\" src=\"https:\/\/schaeferhundvomstedtlingermoor.de\/wp-content\/uploads\/2020\/02\/IMG-20150430-WA0005.jpg\" alt=\"\" class=\"wp-image-324\" srcset=\"https:\/\/schaeferhundvomstedtlingermoor.de\/wp-content\/uploads\/2020\/02\/IMG-20150430-WA0005.jpg 550w, https:\/\/schaeferhundvomstedtlingermoor.de\/wp-content\/uploads\/2020\/02\/IMG-20150430-WA0005-258x300.jpg 258w\" sizes=\"auto, (max-width: 550px) 100vw, 550px\" \/><figcaption class=\"wp-element-caption\"><strong>Ich werde Dich nie vergessen <\/strong><br><\/figcaption><\/figure>\n\n\n\n<pre class=\"wp-block-verse\">Du fehlst uns ich habe 1 Kerze f\u00fcr dich angez\u00fcndet f\u00fcr das erste Jahr ohne Dich                                                                                                                                                                                <\/pre>\n\n\n\n<figure class=\"wp-block-image size-large\"><img loading=\"lazy\" decoding=\"async\" width=\"1918\" height=\"2560\" src=\"https:\/\/schaeferhundvomstedtlingermoor.de\/wp-content\/uploads\/2020\/12\/P1011657-edited-1.jpg\" alt=\"\" class=\"wp-image-1417\" srcset=\"https:\/\/schaeferhundvomstedtlingermoor.de\/wp-content\/uploads\/2020\/12\/P1011657-edited-1.jpg 1918w, https:\/\/schaeferhundvomstedtlingermoor.de\/wp-content\/uploads\/2020\/12\/P1011657-edited-1-225x300.jpg 225w, https:\/\/schaeferhundvomstedtlingermoor.de\/wp-content\/uploads\/2020\/12\/P1011657-edited-1-767x1024.jpg 767w, https:\/\/schaeferhundvomstedtlingermoor.de\/wp-content\/uploads\/2020\/12\/P1011657-edited-1-768x1025.jpg 768w, https:\/\/schaeferhundvomstedtlingermoor.de\/wp-content\/uploads\/2020\/12\/P1011657-edited-1-1151x1536.jpg 1151w, https:\/\/schaeferhundvomstedtlingermoor.de\/wp-content\/uploads\/2020\/12\/P1011657-edited-1-1534x2048.jpg 1534w, https:\/\/schaeferhundvomstedtlingermoor.de\/wp-content\/uploads\/2020\/12\/P1011657-edited-1-1200x1602.jpg 1200w\" sizes=\"auto, (max-width: 1918px) 100vw, 1918px\" \/><\/figure>\n","protected":false},"excerpt":{"rendered":"<p>Heute am 30.09.2025 habe ich meine Zilli gehen lassen, es bricht einem das Herz. Sie war immer da, und auf einmal ist sie weg es war sehr schlimm und viele Tr\u00e4nen sind geflossen . Es war so schlimm das ich erst nach \u00fcber einem halben Jahr es hier schreiben kann und es wird ewig dauern [&hellip;]<\/p>\n","protected":false},"author":1,"featured_media":0,"parent":0,"menu_order":0,"comment_status":"closed","ping_status":"closed","template":"","meta":{"footnotes":""},"class_list":["post-388","page","type-page","status-publish","hentry"],"_links":{"self":[{"href":"https:\/\/schaeferhundvomstedtlingermoor.de\/index.php?rest_route=\/wp\/v2\/pages\/388","targetHints":{"allow":["GET"]}}],"collection":[{"href":"https:\/\/schaeferhundvomstedtlingermoor.de\/index.php?rest_route=\/wp\/v2\/pages"}],"about":[{"href":"https:\/\/schaeferhundvomstedtlingermoor.de\/index.php?rest_route=\/wp\/v2\/types\/page"}],"author":[{"embeddable":true,"href":"https:\/\/schaeferhundvomstedtlingermoor.de\/index.php?rest_route=\/wp\/v2\/users\/1"}],"replies":[{"embeddable":true,"href":"https:\/\/schaeferhundvomstedtlingermoor.de\/index.php?rest_route=%2Fwp%2Fv2%2Fcomments&post=388"}],"version-history":[{"count":5,"href":"https:\/\/schaeferhundvomstedtlingermoor.de\/index.php?rest_route=\/wp\/v2\/pages\/388\/revisions"}],"predecessor-version":[{"id":2602,"href":"https:\/\/schaeferhundvomstedtlingermoor.de\/index.php?rest_route=\/wp\/v2\/pages\/388\/revisions\/2602"}],"wp:attachment":[{"href":"https:\/\/schaeferhundvomstedtlingermoor.de\/index.php?rest_route=%2Fwp%2Fv2%2Fmedia&parent=388"}],"curies":[{"name":"wp","href":"https:\/\/api.w.org\/{rel}","templated":true}]}}