{"id":483,"date":"2020-02-26T22:02:16","date_gmt":"2020-02-26T21:02:16","guid":{"rendered":"http:\/\/schaeferhundvomstedtlingermoor.de\/?page_id=483"},"modified":"2020-03-06T01:16:47","modified_gmt":"2020-03-06T00:16:47","slug":"kontakt","status":"publish","type":"page","link":"https:\/\/schaeferhundvomstedtlingermoor.de\/?page_id=483","title":{"rendered":"Kontakt"},"content":{"rendered":"\n<figure class=\"wp-block-image size-large\"><img loading=\"lazy\" decoding=\"async\" width=\"576\" height=\"1024\" src=\"https:\/\/schaeferhundvomstedtlingermoor.de\/wp-content\/uploads\/2020\/02\/original_file_home-576x1024.jpg\" alt=\"\" class=\"wp-image-322\" srcset=\"https:\/\/schaeferhundvomstedtlingermoor.de\/wp-content\/uploads\/2020\/02\/original_file_home-576x1024.jpg 576w, https:\/\/schaeferhundvomstedtlingermoor.de\/wp-content\/uploads\/2020\/02\/original_file_home-169x300.jpg 169w, https:\/\/schaeferhundvomstedtlingermoor.de\/wp-content\/uploads\/2020\/02\/original_file_home-768x1365.jpg 768w, https:\/\/schaeferhundvomstedtlingermoor.de\/wp-content\/uploads\/2020\/02\/original_file_home-864x1536.jpg 864w, https:\/\/schaeferhundvomstedtlingermoor.de\/wp-content\/uploads\/2020\/02\/original_file_home.jpg 900w\" sizes=\"auto, (max-width: 576px) 100vw, 576px\" \/><\/figure>\n\n\n\n<ul class=\"wp-block-list\"><li><\/li><\/ul>\n\n\n\n<h4 class=\"wp-block-heading\"><strong>J\u00f6rg  B\u00fcchner &amp; Tina  Wegner<\/strong><\/h4>\n\n\n\n<h4 class=\"wp-block-heading\">Willmarser  Stra\u00dfe  100<\/h4>\n\n\n\n<h4 class=\"wp-block-heading\">98617  Rh\u00f6nblick OT. Stedtlingen<\/h4>\n\n\n\n<h4 class=\"wp-block-heading\">Mail. vomstedtlingermoor@gmail.com<\/h4>\n\n\n\n<h4 class=\"wp-block-heading\">Tel.  015167534410 <\/h4>\n\n\n\n<p><\/p>\n","protected":false},"excerpt":{"rendered":"<p>J\u00f6rg B\u00fcchner &amp; Tina Wegner Willmarser Stra\u00dfe 100 98617 Rh\u00f6nblick OT. Stedtlingen Mail. vomstedtlingermoor@gmail.com Tel. 015167534410<\/p>\n","protected":false},"author":1,"featured_media":0,"parent":0,"menu_order":0,"comment_status":"closed","ping_status":"closed","template":"","meta":{"footnotes":""},"class_list":["post-483","page","type-page","status-publish","hentry"],"_links":{"self":[{"href":"https:\/\/schaeferhundvomstedtlingermoor.de\/index.php?rest_route=\/wp\/v2\/pages\/483","targetHints":{"allow":["GET"]}}],"collection":[{"href":"https:\/\/schaeferhundvomstedtlingermoor.de\/index.php?rest_route=\/wp\/v2\/pages"}],"about":[{"href":"https:\/\/schaeferhundvomstedtlingermoor.de\/index.php?rest_route=\/wp\/v2\/types\/page"}],"author":[{"embeddable":true,"href":"https:\/\/schaeferhundvomstedtlingermoor.de\/index.php?rest_route=\/wp\/v2\/users\/1"}],"replies":[{"embeddable":true,"href":"https:\/\/schaeferhundvomstedtlingermoor.de\/index.php?rest_route=%2Fwp%2Fv2%2Fcomments&post=483"}],"version-history":[{"count":3,"href":"https:\/\/schaeferhundvomstedtlingermoor.de\/index.php?rest_route=\/wp\/v2\/pages\/483\/revisions"}],"predecessor-version":[{"id":733,"href":"https:\/\/schaeferhundvomstedtlingermoor.de\/index.php?rest_route=\/wp\/v2\/pages\/483\/revisions\/733"}],"wp:attachment":[{"href":"https:\/\/schaeferhundvomstedtlingermoor.de\/index.php?rest_route=%2Fwp%2Fv2%2Fmedia&parent=483"}],"curies":[{"name":"wp","href":"https:\/\/api.w.org\/{rel}","templated":true}]}}