{"id":75,"date":"2020-01-23T21:54:01","date_gmt":"2020-01-23T20:54:01","guid":{"rendered":"http:\/\/schaeferhundvomstedtlingermoor.de\/?page_id=75"},"modified":"2020-03-06T01:22:19","modified_gmt":"2020-03-06T00:22:19","slug":"startseite","status":"publish","type":"page","link":"https:\/\/schaeferhundvomstedtlingermoor.de\/","title":{"rendered":"Startseite"},"content":{"rendered":"\n<figure class=\"wp-block-image size-large\"><img loading=\"lazy\" decoding=\"async\" width=\"1024\" height=\"819\" src=\"https:\/\/schaeferhundvomstedtlingermoor.de\/wp-content\/uploads\/2019\/08\/ZZZ1417-1024x819.jpg\" alt=\"\" class=\"wp-image-10\" srcset=\"https:\/\/schaeferhundvomstedtlingermoor.de\/wp-content\/uploads\/2019\/08\/ZZZ1417-1024x819.jpg 1024w, https:\/\/schaeferhundvomstedtlingermoor.de\/wp-content\/uploads\/2019\/08\/ZZZ1417-300x240.jpg 300w, https:\/\/schaeferhundvomstedtlingermoor.de\/wp-content\/uploads\/2019\/08\/ZZZ1417-768x614.jpg 768w\" sizes=\"auto, (max-width: 1024px) 100vw, 1024px\" \/><\/figure>\n\n\n\n<h4 class=\"wp-block-heading\"><strong>Willkommen bei Deutscher Sch\u00e4ferhund<\/strong>e vom Stedtlinger Moor  und von der Stedtlinger Moortanne <\/h4>\n\n\n\n<p><strong>Wir sind Deutscher Sch\u00e4ferhund Z\u00fcchter<\/strong> beim Verein f\u00fcr Deutsche Sch\u00e4ferhunde (SV) der dem VDH und der FCI angeh\u00f6rt. Wir z\u00fcchten mit Sch\u00e4ferhunden aus alter <strong>DDR Linie<\/strong>, da wir die alte <strong>DDR Blutlinie<\/strong> so lange wie m\u00f6glich&nbsp; erhalten wollen. Die Faszination <strong>Deutscher Sch\u00e4ferhunde mit geradem R\u00fccken<\/strong>, ausgeglichenem Wesen und&nbsp; eigenem Willen hat uns zu dieser&nbsp; Entscheidung gebracht. Als<strong> Deutscher Sch\u00e4ferhund Z\u00fcchter<\/strong> sind wir mit unserer Zucht bestrebt nur die guten Eigenschaften an unsere<strong> Sch\u00e4ferhund Welpen<\/strong> weiter zu vererben. Wir z\u00fcchten nur aus Liebhaberei und Hobby zum Wohl der Rasse und unserer Hunde. &nbsp;<\/p>\n\n\n\n<p><strong>Wenn sie auf der Suche sind nach :&nbsp;<\/strong> <\/p>\n\n\n\n<p><strong>&nbsp;&#8211; Deutschen Sch\u00e4ferhund mit geradem R\u00fccken<\/strong> <\/p>\n\n\n\n<p>&#8211; &nbsp; Deutschen Sch\u00e4ferhund aus&nbsp; DDR Linie&nbsp;<\/p>\n\n\n\n<p>&#8211;\u00a0 Sch\u00e4ferhund Welpen mit geradem R\u00fccken\u00a0<\/p>\n\n\n\n<p>&#8211; einen Sch\u00e4ferhund f\u00fcr Sport, Freizeit und Familie&nbsp;<\/p>\n\n\n\n<figure class=\"wp-block-image size-large\"><img loading=\"lazy\" decoding=\"async\" width=\"1024\" height=\"768\" src=\"https:\/\/schaeferhundvomstedtlingermoor.de\/wp-content\/uploads\/2020\/02\/P3214542-1024x768.jpg\" alt=\"\" class=\"wp-image-540\" srcset=\"https:\/\/schaeferhundvomstedtlingermoor.de\/wp-content\/uploads\/2020\/02\/P3214542-1024x768.jpg 1024w, https:\/\/schaeferhundvomstedtlingermoor.de\/wp-content\/uploads\/2020\/02\/P3214542-300x225.jpg 300w, https:\/\/schaeferhundvomstedtlingermoor.de\/wp-content\/uploads\/2020\/02\/P3214542-768x576.jpg 768w, https:\/\/schaeferhundvomstedtlingermoor.de\/wp-content\/uploads\/2020\/02\/P3214542-1536x1152.jpg 1536w, https:\/\/schaeferhundvomstedtlingermoor.de\/wp-content\/uploads\/2020\/02\/P3214542-2048x1536.jpg 2048w, https:\/\/schaeferhundvomstedtlingermoor.de\/wp-content\/uploads\/2020\/02\/P3214542-1200x900.jpg 1200w, https:\/\/schaeferhundvomstedtlingermoor.de\/wp-content\/uploads\/2020\/02\/P3214542-1980x1485.jpg 1980w\" sizes=\"auto, (max-width: 1024px) 100vw, 1024px\" \/><\/figure>\n\n\n\n<figure class=\"wp-block-image size-large\"><img loading=\"lazy\" decoding=\"async\" width=\"1024\" height=\"768\" src=\"https:\/\/schaeferhundvomstedtlingermoor.de\/wp-content\/uploads\/2020\/02\/P3214544-1024x768.jpg\" alt=\"\" class=\"wp-image-542\" srcset=\"https:\/\/schaeferhundvomstedtlingermoor.de\/wp-content\/uploads\/2020\/02\/P3214544-1024x768.jpg 1024w, https:\/\/schaeferhundvomstedtlingermoor.de\/wp-content\/uploads\/2020\/02\/P3214544-300x225.jpg 300w, https:\/\/schaeferhundvomstedtlingermoor.de\/wp-content\/uploads\/2020\/02\/P3214544-768x576.jpg 768w, https:\/\/schaeferhundvomstedtlingermoor.de\/wp-content\/uploads\/2020\/02\/P3214544-1536x1152.jpg 1536w, https:\/\/schaeferhundvomstedtlingermoor.de\/wp-content\/uploads\/2020\/02\/P3214544-2048x1536.jpg 2048w, https:\/\/schaeferhundvomstedtlingermoor.de\/wp-content\/uploads\/2020\/02\/P3214544-1200x900.jpg 1200w, https:\/\/schaeferhundvomstedtlingermoor.de\/wp-content\/uploads\/2020\/02\/P3214544-1980x1485.jpg 1980w\" sizes=\"auto, (max-width: 1024px) 100vw, 1024px\" \/><\/figure>\n\n\n\n<p class=\"has-small-font-size\">&nbsp; &nbsp; &nbsp; &nbsp; &nbsp; &nbsp; &nbsp; &nbsp; &nbsp; &nbsp; &nbsp; &nbsp; &nbsp; &nbsp; &nbsp; &nbsp; &nbsp; &nbsp; &nbsp; &nbsp; &nbsp; &nbsp; &nbsp;&nbsp; Dann sind sie bei uns richtig  <\/p>\n","protected":false},"excerpt":{"rendered":"<p>Willkommen bei Deutscher Sch\u00e4ferhunde vom Stedtlinger Moor und von der Stedtlinger Moortanne Wir sind Deutscher Sch\u00e4ferhund Z\u00fcchter beim Verein f\u00fcr Deutsche Sch\u00e4ferhunde (SV) der dem VDH und der FCI angeh\u00f6rt. Wir z\u00fcchten mit Sch\u00e4ferhunden aus alter DDR Linie, da wir die alte DDR Blutlinie so lange wie m\u00f6glich&nbsp; erhalten wollen. Die Faszination Deutscher Sch\u00e4ferhunde mit [&hellip;]<\/p>\n","protected":false},"author":1,"featured_media":0,"parent":0,"menu_order":1,"comment_status":"closed","ping_status":"closed","template":"","meta":{"footnotes":""},"class_list":["post-75","page","type-page","status-publish","hentry"],"_links":{"self":[{"href":"https:\/\/schaeferhundvomstedtlingermoor.de\/index.php?rest_route=\/wp\/v2\/pages\/75","targetHints":{"allow":["GET"]}}],"collection":[{"href":"https:\/\/schaeferhundvomstedtlingermoor.de\/index.php?rest_route=\/wp\/v2\/pages"}],"about":[{"href":"https:\/\/schaeferhundvomstedtlingermoor.de\/index.php?rest_route=\/wp\/v2\/types\/page"}],"author":[{"embeddable":true,"href":"https:\/\/schaeferhundvomstedtlingermoor.de\/index.php?rest_route=\/wp\/v2\/users\/1"}],"replies":[{"embeddable":true,"href":"https:\/\/schaeferhundvomstedtlingermoor.de\/index.php?rest_route=%2Fwp%2Fv2%2Fcomments&post=75"}],"version-history":[{"count":5,"href":"https:\/\/schaeferhundvomstedtlingermoor.de\/index.php?rest_route=\/wp\/v2\/pages\/75\/revisions"}],"predecessor-version":[{"id":737,"href":"https:\/\/schaeferhundvomstedtlingermoor.de\/index.php?rest_route=\/wp\/v2\/pages\/75\/revisions\/737"}],"wp:attachment":[{"href":"https:\/\/schaeferhundvomstedtlingermoor.de\/index.php?rest_route=%2Fwp%2Fv2%2Fmedia&parent=75"}],"curies":[{"name":"wp","href":"https:\/\/api.w.org\/{rel}","templated":true}]}}