{"id":99,"date":"2020-02-26T18:58:11","date_gmt":"2020-02-26T17:58:11","guid":{"rendered":"http:\/\/schaeferhundvomstedtlingermoor.de\/?page_id=99"},"modified":"2020-03-06T01:15:25","modified_gmt":"2020-03-06T00:15:25","slug":"info-zur-genetik","status":"publish","type":"page","link":"https:\/\/schaeferhundvomstedtlingermoor.de\/?page_id=99","title":{"rendered":"Info zur Genetik"},"content":{"rendered":"\n<figure class=\"wp-block-image size-large\"><img loading=\"lazy\" decoding=\"async\" width=\"1024\" height=\"768\" src=\"https:\/\/schaeferhundvomstedtlingermoor.de\/wp-content\/uploads\/2020\/02\/P7295523-1024x768.jpg\" alt=\"\" class=\"wp-image-222\" srcset=\"https:\/\/schaeferhundvomstedtlingermoor.de\/wp-content\/uploads\/2020\/02\/P7295523-1024x768.jpg 1024w, https:\/\/schaeferhundvomstedtlingermoor.de\/wp-content\/uploads\/2020\/02\/P7295523-300x225.jpg 300w, https:\/\/schaeferhundvomstedtlingermoor.de\/wp-content\/uploads\/2020\/02\/P7295523-768x576.jpg 768w, https:\/\/schaeferhundvomstedtlingermoor.de\/wp-content\/uploads\/2020\/02\/P7295523-1536x1152.jpg 1536w, https:\/\/schaeferhundvomstedtlingermoor.de\/wp-content\/uploads\/2020\/02\/P7295523-2048x1536.jpg 2048w, https:\/\/schaeferhundvomstedtlingermoor.de\/wp-content\/uploads\/2020\/02\/P7295523-1200x900.jpg 1200w, https:\/\/schaeferhundvomstedtlingermoor.de\/wp-content\/uploads\/2020\/02\/P7295523-1980x1485.jpg 1980w\" sizes=\"auto, (max-width: 1024px) 100vw, 1024px\" \/><\/figure>\n\n\n\n<p><strong>Kurze Info zur Genetik<\/strong><\/p>\n\n\n\n<p>Genaue Information gibt es im Internet.&nbsp;<\/p>\n\n\n\n<p><strong>HD<\/strong> <\/p>\n\n\n\n<p>Die Entstehung einer H\u00fcftgelenksdysplasie ist multifaktoriell bedingt. So k\u00f6nnen genetische Komponenten eine fehlerhafte Ern\u00e4hrung und auch eine \u00dcberbelastung des Bewegungsapparates die Entstehung der Erkrankung beg\u00fcnstigen. Bei Hunderassen treten Gelenkerkrankungen erbbedingt auf, sodass eine Weitervererbung stattfinden kann. Eine weitere Ursache sind bestimmte Bewegungsabl\u00e4ufe wie Treppensteigen oder Springen die zu einer \u00dcberdehnung oder Stauchung der Gelenke bis hin zu Rissen im sensiblen Knorpelgewebe f\u00fchren kann. Je h\u00e4ufiger der Hund diesen Bewegungsabl\u00e4ufen ausgesetzt ist desto schneller verschlei\u00dft die H\u00fcfte. Bei jungen Hunden kann eine fr\u00fche \u00dcberlastung der Gelenke zu Sch\u00e4den f\u00fchren. Auch die Ern\u00e4hrung kann Einfluss auf den Krankheitsverlauf nehmen. So tritt ein weiterer Risikofaktor im Welpenalter \u00fcber die Phase des Junghundes bis hin zum vollst\u00e4ndigen Erwachsen sein auf, wenn das Gewicht zu schnell zunimmt. <\/p>\n\n\n\n<p>ED <\/p>\n\n\n\n<p>Ist eine schmerzhafte Ver\u00e4nderung des Ellenbogengelenkes.&nbsp; So das eine weiter Vererbung stattfinden kann. Gef\u00f6rdert wird die Erkrankung durch \u00dcberanstrengung durch zu lange Spazierg\u00e4nge, Treppensteigen oder Fahrrad fahren (vor allem im Welpen \u2013 und Junghundealter). Auch zu schnellem Wachstume durch Futter ist nicht gut. &nbsp;&nbsp;&nbsp;&nbsp;&nbsp;&nbsp;&nbsp;&nbsp;&nbsp;&nbsp;&nbsp;&nbsp;&nbsp;&nbsp;&nbsp;&nbsp;&nbsp;&nbsp;&nbsp;&nbsp;&nbsp;&nbsp;&nbsp;&nbsp;&nbsp;&nbsp;&nbsp;&nbsp;&nbsp;&nbsp; &nbsp;&nbsp;&nbsp;&nbsp;&nbsp;&nbsp;&nbsp;&nbsp;&nbsp;&nbsp;&nbsp;&nbsp;&nbsp;&nbsp;&nbsp;&nbsp;&nbsp;&nbsp;&nbsp;&nbsp;&nbsp;&nbsp;&nbsp;&nbsp;&nbsp;&nbsp;&nbsp;&nbsp;&nbsp;&nbsp; &nbsp;&nbsp;&nbsp;&nbsp;&nbsp;&nbsp;&nbsp;&nbsp;&nbsp;&nbsp;&nbsp;&nbsp;&nbsp;&nbsp;&nbsp;&nbsp;&nbsp;&nbsp;&nbsp;&nbsp;&nbsp;&nbsp;&nbsp;&nbsp;&nbsp;&nbsp;&nbsp;&nbsp;&nbsp;&nbsp; &nbsp;&nbsp;&nbsp;&nbsp;&nbsp;&nbsp;&nbsp;&nbsp;&nbsp;&nbsp;&nbsp;&nbsp;&nbsp;&nbsp;&nbsp;&nbsp;&nbsp;&nbsp;&nbsp;&nbsp;&nbsp;&nbsp;&nbsp;&nbsp; <\/p>\n\n\n\n<p>OC \/\/ OCD <\/p>\n\n\n\n<p>Die Osteochondrose (OC) ist eine entwicklungsbedingte Skeletterkrankung, bedingt durch eine St\u00f6rung der Verkn\u00f6cherung des wachsenden Knorpels, die sich letztlich durch losgel\u00f6ste Knochen -\/ Knorpelfragmente( Chips) im Gelenk darstellt und als Osteochondrosis dissecans ( OCD ) bezeichnet wird. Zu reichhaltiges Futter (sehr hoher Calciumgehalt) ist nicht gesund und f\u00f6rdert die OCD. <\/p>\n\n\n\n<p>DNA <\/p>\n\n\n\n<p>Die Bestimmung des genetischen Profils bedeutet in einen Satz. Das von genetischen Merkmalen zu bestimmen, die f\u00fcr den jeweiligen Hund charakteristisch und unverwechselbar sind wie Fingerabdr\u00fccke bei Menschen. Nach dem genetischen Profil kann ein Hund eindeutig identifiziert werden. Wie Bestimmung der Elternschaft, Erbkrankheiten und noch vieles mehr. <\/p>\n\n\n\n<p>Mukopolysaccharidose Typ VII, beim Sch\u00e4ferhund (MPS VII) <\/p>\n\n\n\n<p>Mukopolysaccharidose Typ VII beim Sch\u00e4ferhund ist ein genetischer Defekt bezeichnet als Mukopolysaccharid&nbsp; Speicherkrankheit. Tiere mit Mukopolysaccaridose Typ VII zeigen zum Beispiel Skelettdeformation und Hornhauttr\u00fcbung, Welpen k\u00f6nnen teilweise nach Monaten noch nicht laufen. Die Mutation wird autosomal rezessiv vererbt.<\/p>\n\n\n\n<p>Degenerative Myelopathie DM Exon 2 <\/p>\n\n\n\n<p>Degenerative Myelopathie (DM) ist eine schwere neurodegenerative Erkrankung mit sp\u00e4tem Beginn ungef\u00e4hr ab dem 8. Lebensjahr. Die Erkrankung ist durch eine Degeneration&nbsp; in der Brust \u2013 und Lendenteil des R\u00fcckenmarks gekennzeichnet. Man beobachtet die ersten klinischen Anzeichen in der Hinterhand als Zeichen einer St\u00f6rung des oberen Motoeurons. Es entwickelt sich eine unkoordinierte Bewegung der Hinterhand, eine gest\u00f6rte Eigenwahrnehmung und gest\u00f6rte Reflexe. Wenn die Erkrankung weiter fortschreitet, weitet sie sich auf die vorderen Gliedma\u00dfen aus und manifestiert sich als schlaffe Parese und Paralyse. Die Degenerative Myelopathie wurde zuerst als eine R\u00fcckenmarkserkrankung insbesondere beim Deutschen Sch\u00e4ferhund beschrieben. <\/p>\n\n\n\n<p>MDR1 Gendefekt <\/p>\n\n\n\n<p>Der MDR1 Gendefekt (oder auch MDR1 Rezeptor- Defekt) ist eine genetisch bedingte Krankheit, die zu einer \u00dcberempfindlichkeit gegen\u00fcber bestimmten Medikamentengruppen z. B. Narkosemedikamente, Wurmkur-Wirkstoffe. <\/p>\n\n\n\n<p>&#8211; &nbsp; N\/N: &nbsp; Der untersuchte Hund tr\u00e4gt das defekte mutierte Gen \u00fcberhaupt nicht &nbsp; &nbsp; &nbsp; &nbsp; &nbsp; &nbsp; &nbsp; &nbsp; &nbsp; &nbsp; &nbsp; &nbsp; &nbsp; &nbsp; und kann es auch nicht weiter an seine Nachkommen vererben. Der &nbsp; &nbsp; &nbsp; &nbsp; &nbsp; &nbsp; &nbsp; &nbsp; &nbsp; &nbsp; &nbsp; &nbsp; &nbsp; &nbsp; &nbsp; Hund hat kein erh\u00f6htes Risiko f\u00fcr Nebenwirkungen. <\/p>\n\n\n\n<p>&#8211; &nbsp; N\/ MDR1: &nbsp; Der untersuchte Hund tr\u00e4gt ein defektes und ein gesundes Gen. Man &nbsp; &nbsp; &nbsp; &nbsp; &nbsp; &nbsp; &nbsp; &nbsp; &nbsp; &nbsp; &nbsp; &nbsp; &nbsp; &nbsp;&nbsp; bezeichnet ihn als heterozygotes Tr\u00e4gertier. Entsprechend kann er das &nbsp; &nbsp; &nbsp; &nbsp; &nbsp; &nbsp; &nbsp; &nbsp; &nbsp; &nbsp; &nbsp; &nbsp;&nbsp; defekte Gen mit einer Wahrscheinlichkeit von 50% an seine &nbsp; &nbsp; &nbsp; &nbsp; &nbsp; &nbsp; &nbsp; &nbsp; &nbsp; &nbsp; &nbsp; &nbsp; &nbsp; &nbsp; &nbsp; &nbsp; &nbsp; &nbsp; &nbsp; &nbsp; &nbsp; &nbsp;&nbsp; Nachkommen weitervererben. Das gesunde Gen schafft zum &nbsp; &nbsp; &nbsp; &nbsp; &nbsp; &nbsp; &nbsp; &nbsp; &nbsp; &nbsp; &nbsp; &nbsp; &nbsp; &nbsp; &nbsp; &nbsp; &nbsp; &nbsp; &nbsp; &nbsp; &nbsp;&nbsp; Defektgen einen gewissen Ausgleich. <\/p>\n\n\n\n<p>&#8211;&nbsp; MDR1\/ MDR1: &nbsp; Beide Gene des untersuchten Hundes sind defekt. Das bedeutet, er &nbsp; &nbsp; &nbsp; &nbsp; &nbsp; &nbsp; &nbsp; &nbsp; &nbsp; &nbsp; &nbsp; &nbsp; &nbsp; &nbsp; &nbsp; &nbsp; ist ein reinerbiges, homozygotes Tr\u00e4gertier. Entsprechend &nbsp; &nbsp; &nbsp; &nbsp; &nbsp; &nbsp; &nbsp; &nbsp; &nbsp; &nbsp; &nbsp; &nbsp; &nbsp; &nbsp; &nbsp; &nbsp; &nbsp; &nbsp; &nbsp; &nbsp; &nbsp; &nbsp; &nbsp; &nbsp; \u00fcbertr\u00e4gt er die Genmutation auf all seine Nachkommen<\/p>\n\n\n\n<p>Hyperurikosurie SLC<\/p>\n\n\n\n<p>Die Hyperurikosurie und Hyperurik\u00e4mie ist eine von Geburt an auftretende Ver\u00e4nderung im Purinstoffwechsel normalerweise wird dabei vom Hund Allantion als Endprodukt ausgeschieden. Die Hunde die mit der Mutation im SLC2A9 Gen homozygot tragen scheiden wesentlich weniger Allantoin und mehr Harns\u00e4ure aus. Ebenso wie im Harn ist der Gehalt an Harns\u00e4ure im Plasma 2 bis 4 &#8211; fach h\u00f6her als bei gesunden Hunden. Da die Harns\u00e4ure weniger gut wasserl\u00f6slich ist als Allantoin, k\u00f6nnen h\u00f6here Mengen im Harn zu Kristallbildung f\u00fchren es kommt zu Bildung von Blasensteinen die h\u00e4ufig operativ entfernt werden m\u00fcssen. Die betroffenen Hunde sollten eine Purinarme Di\u00e4t erhalten und es muss auf ausreichend Fl\u00fcssigkeitszufuhr geachtet werden.&nbsp;<br><\/p>\n\n\n\n<p>Der Gentest f\u00fcr Haarl\u00e4nge <\/p>\n\n\n\n<p>&nbsp;F\u00fcr Kurzhaar oder Langhaar beim Hund gibt es einen Gentest der genau bestimmt was der Hund vererbt. Der Gentest f\u00fcr Haarl\u00e4nge kann sicher zwischen mischerbigen&nbsp;&nbsp;( LI) und reinerbig kurzhaarigen (LL) Hunden unterscheiden. <\/p>\n\n\n\n<p>Genotyp f\u00fcr die Haaranlage <\/p>\n\n\n\n<p>Reinerbig f\u00fcr Kurzhaar&nbsp;&nbsp;&nbsp;&nbsp;LL <\/p>\n\n\n\n<p>Mischerbig f\u00fcr Kurzhaar&nbsp;&nbsp;LI <\/p>\n\n\n\n<p>Reinerbig f\u00fcr Langhaar&nbsp;&nbsp;&nbsp;&nbsp;II <\/p>\n\n\n\n<p>Deutscher Sch\u00e4ferhund <\/p>\n\n\n\n<p>Schulterh\u00f6he R\u00fcde 60 -65 cm <\/p>\n\n\n\n<p>Schulterh\u00f6he H\u00fcndin 55- 60 cm <\/p>\n\n\n\n<p>Gewicht R\u00fcde 30- 40 kg <\/p>\n\n\n\n<p>Gewicht H\u00fcndin 22- 32 kg <\/p>\n\n\n\n<p>Farbe schwarz, schwarzbraun in Verbindung mit verschiedenen T\u00f6nen, grau und&nbsp; dunkelgrau gew\u00f6lkt <\/p>\n\n\n\n<p>Land Deutschland <\/p>\n\n\n\n<p>FCI- Nr. 166&nbsp;<\/p>\n\n\n\n<figure class=\"wp-block-image\"><img decoding=\"async\" src=\"https:\/\/www.deutscherschaeferhundddr.de\/.cm4all\/uproc.php\/0\/.j%C3%B6rgj%C3%B6rg.jpg\/picture-2600?_=1680eee8438\" alt=\"\"\/><\/figure>\n\n\n\n<figure class=\"wp-block-image size-large\"><img loading=\"lazy\" decoding=\"async\" width=\"720\" height=\"538\" src=\"https:\/\/schaeferhundvomstedtlingermoor.de\/wp-content\/uploads\/2020\/02\/IMG-20190427-WA0069.jpg\" alt=\"\" class=\"wp-image-308\" srcset=\"https:\/\/schaeferhundvomstedtlingermoor.de\/wp-content\/uploads\/2020\/02\/IMG-20190427-WA0069.jpg 720w, https:\/\/schaeferhundvomstedtlingermoor.de\/wp-content\/uploads\/2020\/02\/IMG-20190427-WA0069-300x224.jpg 300w\" sizes=\"auto, (max-width: 720px) 100vw, 720px\" \/><\/figure>\n\n\n\n<p><strong>       <\/strong><\/p>\n","protected":false},"excerpt":{"rendered":"<p>Kurze Info zur Genetik Genaue Information gibt es im Internet.&nbsp; HD Die Entstehung einer H\u00fcftgelenksdysplasie ist multifaktoriell bedingt. So k\u00f6nnen genetische Komponenten eine fehlerhafte Ern\u00e4hrung und auch eine \u00dcberbelastung des Bewegungsapparates die Entstehung der Erkrankung beg\u00fcnstigen. Bei Hunderassen treten Gelenkerkrankungen erbbedingt auf, sodass eine Weitervererbung stattfinden kann. Eine weitere Ursache sind bestimmte Bewegungsabl\u00e4ufe wie Treppensteigen [&hellip;]<\/p>\n","protected":false},"author":1,"featured_media":0,"parent":0,"menu_order":0,"comment_status":"closed","ping_status":"closed","template":"","meta":{"footnotes":""},"class_list":["post-99","page","type-page","status-publish","hentry"],"_links":{"self":[{"href":"https:\/\/schaeferhundvomstedtlingermoor.de\/index.php?rest_route=\/wp\/v2\/pages\/99","targetHints":{"allow":["GET"]}}],"collection":[{"href":"https:\/\/schaeferhundvomstedtlingermoor.de\/index.php?rest_route=\/wp\/v2\/pages"}],"about":[{"href":"https:\/\/schaeferhundvomstedtlingermoor.de\/index.php?rest_route=\/wp\/v2\/types\/page"}],"author":[{"embeddable":true,"href":"https:\/\/schaeferhundvomstedtlingermoor.de\/index.php?rest_route=\/wp\/v2\/users\/1"}],"replies":[{"embeddable":true,"href":"https:\/\/schaeferhundvomstedtlingermoor.de\/index.php?rest_route=%2Fwp%2Fv2%2Fcomments&post=99"}],"version-history":[{"count":4,"href":"https:\/\/schaeferhundvomstedtlingermoor.de\/index.php?rest_route=\/wp\/v2\/pages\/99\/revisions"}],"predecessor-version":[{"id":732,"href":"https:\/\/schaeferhundvomstedtlingermoor.de\/index.php?rest_route=\/wp\/v2\/pages\/99\/revisions\/732"}],"wp:attachment":[{"href":"https:\/\/schaeferhundvomstedtlingermoor.de\/index.php?rest_route=%2Fwp%2Fv2%2Fmedia&parent=99"}],"curies":[{"name":"wp","href":"https:\/\/api.w.org\/{rel}","templated":true}]}}